{"id":37,"date":"2024-05-02T13:13:26","date_gmt":"2024-05-02T12:13:26","guid":{"rendered":"https:\/\/wp.am-suesswaren.at\/?page_id=37"},"modified":"2026-05-05T11:41:44","modified_gmt":"2026-05-05T10:41:44","slug":"brite","status":"publish","type":"page","link":"https:\/\/wp.am-suesswaren.at\/","title":{"rendered":"Home"},"content":{"rendered":"<div data-colibri-id=\"37-c1\" class=\"style-191 style-local-37-c1 position-relative\">\r\n  <!---->\r\n  <div data-colibri-component=\"section\" data-colibri-id=\"37-c2\" id=\"about\" class=\"h-section h-section-global-spacing d-flex align-items-lg-center align-items-md-center align-items-center style-203 style-local-37-c2 position-relative\">\r\n    <!---->\r\n    <!---->\r\n    <div class=\"h-section-grid-container h-section-boxed-container\">\r\n      <!---->\r\n      <div data-colibri-id=\"37-c3\" class=\"h-row-container gutters-row-lg-0 gutters-row-md-0 gutters-row-0 gutters-row-v-lg-0 gutters-row-v-md-0 gutters-row-v-0 style-204 style-local-37-c3 position-relative\">\r\n        <!---->\r\n        <div class=\"h-row justify-content-lg-center justify-content-md-center justify-content-center align-items-lg-stretch align-items-md-stretch align-items-stretch gutters-col-lg-0 gutters-col-md-0 gutters-col-0 gutters-col-v-lg-0 gutters-col-v-md-0 gutters-col-v-0\">\r\n          <!---->\r\n          <div class=\"h-column h-column-container d-flex h-col-lg-auto h-col-md-auto h-col-auto style-205-outer style-local-37-c4-outer\">\r\n            <div data-colibri-id=\"37-c4\" class=\"d-flex h-flex-basis h-column__inner h-px-lg-0 h-px-md-0 h-px-0 v-inner-lg-0 v-inner-md-0 v-inner-0 style-205 style-local-37-c4 position-relative\">\r\n              <!---->\r\n              <!---->\r\n              <div class=\"w-100 h-y-container h-column__content h-column__v-align flex-basis-100 align-self-lg-start align-self-md-start align-self-start\">\r\n                <!---->\r\n                <div data-colibri-id=\"37-c5\" class=\"h-text h-text-component style-208 style-local-37-c5 position-relative h-element\">\r\n                  <!---->\r\n                  <!---->\r\n                  <div class=\"\">\r\n                    <p>Wir, die A&amp;M S\u00fc\u00dfwarenhandel GesmbH, sind eine \u00dcbungsfirma der BHAK Korneuburg und freuen uns, Sie auf unserer Website begr\u00fc\u00dfen zu d\u00fcrfen!<\/p>\r\n                    <p>Wir w\u00fcnschen eine genussvolle Unterhaltung!<\/p>\r\n                  <\/div>\r\n                <\/div>\r\n              <\/div>\r\n            <\/div>\r\n          <\/div>\r\n          <div class=\"h-column h-column-container d-flex h-col-lg-auto h-col-md-auto h-col-auto style-209-outer style-local-37-c6-outer\">\r\n            <div data-colibri-id=\"37-c6\" class=\"d-flex h-flex-basis h-column__inner h-ui-empty-state-container h-px-lg-2 h-px-md-2 h-px-2 v-inner-lg-2 v-inner-md-2 v-inner-2 style-209 style-local-37-c6 position-relative\">\r\n              <!---->\r\n              <!---->\r\n              <div class=\"w-100 h-y-container h-column__content h-column__v-align flex-basis-100\">\r\n                <!---->\r\n              <\/div>\r\n            <\/div>\r\n          <\/div>\r\n        <\/div>\r\n      <\/div>\r\n    <\/div>\r\n  <\/div>\r\n<\/div>","protected":false},"excerpt":{"rendered":"<p>Wir, die A&amp;M S\u00fc\u00dfwarenhandel GesmbH, sind eine \u00dcbungsfirma der BHAK Korneuburg und freuen uns, Sie auf unserer Website begr\u00fc\u00dfen zu d\u00fcrfen! Wir w\u00fcnschen eine genussvolle Unterhaltung!<\/p>\n","protected":false},"author":1,"featured_media":0,"parent":0,"menu_order":0,"comment_status":"closed","ping_status":"closed","template":"page-templates\/homepage.php","meta":{"footnotes":""},"class_list":["post-37","page","type-page","status-publish","hentry"],"_links":{"self":[{"href":"https:\/\/wp.am-suesswaren.at\/index.php?rest_route=\/wp\/v2\/pages\/37","targetHints":{"allow":["GET"]}}],"collection":[{"href":"https:\/\/wp.am-suesswaren.at\/index.php?rest_route=\/wp\/v2\/pages"}],"about":[{"href":"https:\/\/wp.am-suesswaren.at\/index.php?rest_route=\/wp\/v2\/types\/page"}],"author":[{"embeddable":true,"href":"https:\/\/wp.am-suesswaren.at\/index.php?rest_route=\/wp\/v2\/users\/1"}],"replies":[{"embeddable":true,"href":"https:\/\/wp.am-suesswaren.at\/index.php?rest_route=%2Fwp%2Fv2%2Fcomments&post=37"}],"version-history":[{"count":20,"href":"https:\/\/wp.am-suesswaren.at\/index.php?rest_route=\/wp\/v2\/pages\/37\/revisions"}],"predecessor-version":[{"id":1541,"href":"https:\/\/wp.am-suesswaren.at\/index.php?rest_route=\/wp\/v2\/pages\/37\/revisions\/1541"}],"wp:attachment":[{"href":"https:\/\/wp.am-suesswaren.at\/index.php?rest_route=%2Fwp%2Fv2%2Fmedia&parent=37"}],"curies":[{"name":"wp","href":"https:\/\/api.w.org\/{rel}","templated":true}]}}