{"id":244,"date":"2024-05-16T11:21:43","date_gmt":"2024-05-16T10:21:43","guid":{"rendered":"https:\/\/wp.am-suesswaren.at\/?page_id=244"},"modified":"2026-05-12T13:23:55","modified_gmt":"2026-05-12T12:23:55","slug":"nachhaltigkeit","status":"publish","type":"page","link":"https:\/\/wp.am-suesswaren.at\/?page_id=244","title":{"rendered":"Nachhaltigkeit"},"content":{"rendered":"<div data-colibri-id=\"244-c1\" class=\"style-647 style-local-244-c1 position-relative\">\n  <!---->\n  <div data-colibri-component=\"section\" data-colibri-id=\"244-c2\" id=\"about\" class=\"h-section h-section-global-spacing d-flex align-items-lg-center align-items-md-center align-items-center style-652 style-local-244-c2 position-relative\">\n    <!---->\n    <!---->\n    <div class=\"h-section-grid-container h-section-boxed-container\">\n      <!---->\n      <div data-colibri-id=\"244-c3\" class=\"h-row-container gutters-row-lg-2 gutters-row-md-2 gutters-row-0 gutters-row-v-lg-2 gutters-row-v-md-2 gutters-row-v-2 style-659 style-local-244-c3 position-relative\">\n        <!---->\n        <div class=\"h-row justify-content-lg-center justify-content-md-center justify-content-center align-items-lg-stretch align-items-md-stretch align-items-stretch gutters-col-lg-2 gutters-col-md-2 gutters-col-0 gutters-col-v-lg-2 gutters-col-v-md-2 gutters-col-v-2\">\n          <!---->\n          <div class=\"h-column h-column-container d-flex h-col-lg-auto h-col-md-auto h-col-auto style-660-outer style-local-244-c4-outer\">\n            <div data-colibri-id=\"244-c4\" class=\"d-flex h-flex-basis h-column__inner h-px-lg-2 h-px-md-2 h-px-2 v-inner-lg-2 v-inner-md-2 v-inner-2 style-660 style-local-244-c4 position-relative\">\n              <!---->\n              <!---->\n              <div class=\"w-100 h-y-container h-column__content h-column__v-align flex-basis-100 align-self-lg-start align-self-md-start align-self-start\">\n                <!---->\n                <div data-colibri-id=\"244-c5\" class=\"h-text h-text-component style-661 style-local-244-c5 position-relative h-element\">\n                  <!---->\n                  <!---->\n                  <div class=\"\">\n                    <h1>Nachhaltigkeit<\/h1>\n                    <p>Die <strong>Sustainable Development Goals<\/strong> sind Ausgangspunkt f\u00fcr unser Handeln. Es wurden daraus die drei S\u00e4ulen der Nachhaltigkeit abgeleitet: <strong>\u00d6konomie, \u00d6kologie und Gesellschaft<\/strong>.\n                      <br> Die Jugendlichen besch\u00e4ftigen sich mit dem <strong>\u00f6kologischen Fu\u00dfabdruck<\/strong> und \u00fcberdenken ihr eigenes Konsumverhalten.<\/p>\n                    <p>Folgende <strong>Ma\u00dfnahmen<\/strong> werden im laufenden Schuljahr umgesetzt. Dadurch m\u00f6chten wir unseren Fu\u00dfabdruck so gering wie m\u00f6glich halten:<\/p>\n                    <ul>\n                      <li>M\u00fclltrennung in der \u00dcbungsfirma<\/li>\n                      <li>Einkauf und Vertrieb von regionalen\/\u00f6sterreichischen Produkten<\/li>\n                      <li>Einkauf und Vertrieb von teilweise <strong>Fairtrade-Waren<\/strong><\/li>\n                      <li>Verwendung von nachf\u00fcllbaren Materialien<\/li>\n                      <li>Dokumente nicht ausdrucken, digital ablegen und verschicken \u2013 <strong>Papier sparen<\/strong><\/li>\n                      <li>Erstellung eines <strong>Nachhaltigkeitsberichts<\/strong><\/li>\n                      <li>Barrierefreiheit<\/li>\n                    <\/ul>\n                    <h2>Sofortma\u00dfnahmen<\/h2>\n                    <ul>\n                      <li>So wenig Ausdrucke wie m\u00f6glich produzieren. Alle Dokumente nur mehr digital aufbewahren.<\/li>\n                      <li>Aufnahme des Themas <strong>Nachhaltigkeit<\/strong> in unser Leitbild.<\/li>\n                      <li>Gesch\u00e4ftsbriefe und Rechnungen\/Lieferscheine per E-Mail verschicken.<\/li>\n                      <li>Sorgf\u00e4ltige M\u00fclltrennung im BWZ<\/li>\n                      <li>Licht abdrehen, PCs am Tagesende herunterfahren und Sonnenlicht nutzen<\/li>\n                      <li><strong>Fair-Trade-Produkte<\/strong> im Sortiment<\/li>\n                    <\/ul>\n                    <h2>Digitalisierung<\/h2>\n                    <p>Seit der ersten Distance-Learning-Phase im M\u00e4rz 2020 hat die A&amp;M begonnen, die \u00dcbungsfirma zu digitalisieren. Als Hauptplattform dient <strong>Microsoft Teams<\/strong>. Dort werden alle Dateien und weiteren Informationen rund um\n                      die Arbeit in der \u00dcbungsfirma gespeichert. Die Dateien werden auf die lokalen Ger\u00e4te synchronisiert, sodass wie in einem Netzwerk damit gearbeitet werden kann \u2013 gleichzeitiges \u00d6ffnen mehrerer Dokumente sowie gemeinsames Arbeiten\n                      an Listen ist m\u00f6glich (z.B. Auftrags\u00fcbersicht im Verkauf).<\/p>\n                    <p>So wird in der A&amp;M fast komplett auf <strong>Papier verzichtet<\/strong>.<\/p>\n                    <h2>Nachhaltigkeitsbericht &amp; F\u00f6rderung<\/h2>\n                    <p>Zus\u00e4tzlich reichten wir bei ACT einen <strong>Nachhaltigkeitsbericht<\/strong> ein, in dem wir wertvolle Impulse und Ma\u00dfnahmen f\u00fcr nachhaltiges Wirtschaften festlegen konnten. Dadurch gelingt es uns, unsere Prozesse laufend zu verbessern\n                      und nachhaltiges Handeln noch st\u00e4rker in unseren Arbeitsalltag zu integrieren.<\/p>\n                    <p>Au\u00dferdem freuen wir uns \u00fcber die <strong>F\u00f6rderung durch ACT<\/strong>, die unsere Projekte im Bereich <strong>Nachhaltigkeit<\/strong> und <strong>Fair Trade<\/strong> aktiv unterst\u00fctzt und begleitet.<\/p>\n                  <\/div>\n                <\/div>\n              <\/div>\n            <\/div>\n          <\/div>\n        <\/div>\n      <\/div>\n    <\/div>\n  <\/div>\n<\/div>","protected":false},"excerpt":{"rendered":"<p>Nachhaltigkeit Die Sustainable Development Goals sind Ausgangspunkt f\u00fcr unser Handeln. Es wurden daraus die drei S\u00e4ulen der Nachhaltigkeit abgeleitet: \u00d6konomie, \u00d6kologie und Gesellschaft. Die Jugendlichen besch\u00e4ftigen sich mit dem \u00f6kologischen Fu\u00dfabdruck und \u00fcberdenken ihr eigenes Konsumverhalten. Folgende Ma\u00dfnahmen werden im laufenden Schuljahr umgesetzt. Dadurch m\u00f6chten wir unseren Fu\u00dfabdruck so gering wie m\u00f6glich halten: M\u00fclltrennung in [&hellip;]<\/p>\n","protected":false},"author":1,"featured_media":0,"parent":0,"menu_order":0,"comment_status":"closed","ping_status":"closed","template":"page-templates\/full-width-page.php","meta":{"footnotes":""},"class_list":["post-244","page","type-page","status-publish","hentry"],"_links":{"self":[{"href":"https:\/\/wp.am-suesswaren.at\/index.php?rest_route=\/wp\/v2\/pages\/244","targetHints":{"allow":["GET"]}}],"collection":[{"href":"https:\/\/wp.am-suesswaren.at\/index.php?rest_route=\/wp\/v2\/pages"}],"about":[{"href":"https:\/\/wp.am-suesswaren.at\/index.php?rest_route=\/wp\/v2\/types\/page"}],"author":[{"embeddable":true,"href":"https:\/\/wp.am-suesswaren.at\/index.php?rest_route=\/wp\/v2\/users\/1"}],"replies":[{"embeddable":true,"href":"https:\/\/wp.am-suesswaren.at\/index.php?rest_route=%2Fwp%2Fv2%2Fcomments&post=244"}],"version-history":[{"count":6,"href":"https:\/\/wp.am-suesswaren.at\/index.php?rest_route=\/wp\/v2\/pages\/244\/revisions"}],"predecessor-version":[{"id":2074,"href":"https:\/\/wp.am-suesswaren.at\/index.php?rest_route=\/wp\/v2\/pages\/244\/revisions\/2074"}],"wp:attachment":[{"href":"https:\/\/wp.am-suesswaren.at\/index.php?rest_route=%2Fwp%2Fv2%2Fmedia&parent=244"}],"curies":[{"name":"wp","href":"https:\/\/api.w.org\/{rel}","templated":true}]}}