{"id":242,"date":"2024-05-16T11:21:17","date_gmt":"2024-05-16T10:21:17","guid":{"rendered":"https:\/\/wp.am-suesswaren.at\/?page_id=242"},"modified":"2026-05-12T13:25:12","modified_gmt":"2026-05-12T12:25:12","slug":"unsere-geschichte","status":"publish","type":"page","link":"https:\/\/wp.am-suesswaren.at\/?page_id=242","title":{"rendered":"Unsere Geschichte"},"content":{"rendered":"<div data-colibri-id=\"242-c1\" class=\"style-413 style-local-242-c1 position-relative\">\n  <!---->\n  <div data-colibri-component=\"section\" data-colibri-id=\"242-c2\" id=\"about\" class=\"h-section h-section-global-spacing d-flex align-items-lg-center align-items-md-center align-items-center style-566 style-local-242-c2 position-relative\">\n    <!---->\n    <!---->\n    <div class=\"h-section-grid-container h-section-boxed-container\">\n      <!---->\n      <div data-colibri-id=\"242-c3\" class=\"h-row-container gutters-row-lg-2 gutters-row-md-2 gutters-row-0 gutters-row-v-lg-2 gutters-row-v-md-2 gutters-row-v-2 style-644 style-local-242-c3 position-relative\">\n        <!---->\n        <div class=\"h-row justify-content-lg-center justify-content-md-center justify-content-center align-items-lg-stretch align-items-md-stretch align-items-stretch gutters-col-lg-2 gutters-col-md-2 gutters-col-0 gutters-col-v-lg-2 gutters-col-v-md-2 gutters-col-v-2\">\n          <!---->\n          <div class=\"h-column h-column-container d-flex h-col-lg-auto h-col-md-auto h-col-auto style-645-outer style-local-242-c4-outer\">\n            <div data-colibri-id=\"242-c4\" class=\"d-flex h-flex-basis h-column__inner h-ui-empty-state-container h-px-lg-2 h-px-md-2 h-px-2 v-inner-lg-2 v-inner-md-2 v-inner-2 style-645 style-local-242-c4 position-relative\">\n              <!---->\n              <!---->\n              <div class=\"w-100 h-y-container h-column__content h-column__v-align flex-basis-100\">\n                <!---->\n              <\/div>\n            <\/div>\n          <\/div>\n        <\/div>\n      <\/div>\n      <div data-colibri-id=\"242-c5\" class=\"h-row-container gutters-row-lg-0 gutters-row-md-0 gutters-row-0 gutters-row-v-lg-0 gutters-row-v-md-0 gutters-row-v-0 style-567 style-local-242-c5 position-relative\">\n        <!---->\n        <div class=\"h-row justify-content-lg-center justify-content-md-center justify-content-center align-items-lg-stretch align-items-md-stretch align-items-stretch gutters-col-lg-0 gutters-col-md-0 gutters-col-0 gutters-col-v-lg-0 gutters-col-v-md-0 gutters-col-v-0\">\n          <!---->\n          <div class=\"h-column h-column-container d-flex h-col-lg-auto h-col-md-auto h-col-auto style-568-outer style-local-242-c6-outer\">\n            <div data-colibri-id=\"242-c6\" class=\"d-flex h-flex-basis h-column__inner h-px-lg-0 h-px-md-0 h-px-0 v-inner-lg-0 v-inner-md-0 v-inner-0 style-568 style-local-242-c6 position-relative\">\n              <!---->\n              <!---->\n              <div class=\"w-100 h-y-container h-column__content h-column__v-align flex-basis-100 align-self-lg-start align-self-md-start align-self-start\">\n                <!---->\n                <div data-colibri-id=\"242-c7\" class=\"h-global-transition-all h-heading style-646 style-local-242-c7 position-relative h-element\">\n                  <!---->\n                  <div class=\"h-heading__outer style-646 style-local-242-c7\">\n                    <!---->\n                    <!---->\n                    <h1 class=\"\">Unsere Geschichte<\/h1>\n                  <\/div>\n                <\/div>\n                <div data-colibri-id=\"242-c8\" class=\"h-text h-text-component style-571 style-local-242-c8 position-relative h-element\">\n                  <!---->\n                  <!---->\n                  <div class=\"\">\n                    <p>Im Schuljahr 1996\/97 wurde die <strong>\u00dcbungsfirma A&amp;M S\u00fc\u00dfwarenhandel GmbH<\/strong> im Rahmen des Projektmanagement-Unterrichtes von <strong>Frau Mag. Gerlinde Tatzber<\/strong> als Gesch\u00e4ftsf\u00fchrerin mit einem 3. Jahrgang HAK gegr\u00fcndet.<\/p>\n                    <p>Als Unternehmensgegenstand wurde der Handel mit S\u00fc\u00dfwaren gew\u00e4hlt, als Partnerfirmen standen uns die Firma <strong>Auer in Spillern<\/strong> und <strong>B\u00e4ckerei und Konditorei Mathes in Korneuburg<\/strong> zur Verf\u00fcgung.\n                      <br> Von den Anfangsbuchstaben beider Unternehmen leitet sich auch unser Logo und Firmenwortlaut <strong>A (Auer) &amp; M (Mathes)<\/strong> ab.<\/p>\n                    <p>Die beiden Gesellschafter sind <strong>Herr Gerhard Labsch\u00fctz (ehemaliger Sch\u00fcler)<\/strong> und <strong>Frau Mag. Gerlinde Tatzber<\/strong>.<\/p>\n                    <p>Im ersten \u00dcbungsfirmenjahr wurde die damalige 4. Klasse von <strong>Frau Mag. Trimmel<\/strong> und <strong>Frau Mag. Tatzber<\/strong> betreut.\n                      <br> Damals wurden folgende Abteilungen festgelegt: Assistenten der Gesch\u00e4ftsf\u00fchrung, Einkauf, Verkauf und Marketing, Buchhaltung, Zahlungsverkehr, Logistik und Sekretariat\/Personalverrechnung.<\/p>\n                    <p>Bis heute liegt das Ziel des Unternehmens vor allem darin, durch praxisnahen Unterricht die Sch\u00fclerinnen und Sch\u00fcler f\u00fcr das zuk\u00fcnftige Berufsleben bestm\u00f6glich vorzubereiten.<\/p>\n                    <p>Das 10-j\u00e4hrige Bestandsjubil\u00e4um wurde gro\u00df mit Ausstellung und einer Veranstaltung gefeiert. Mittlerweile wurde auch das 20- und 25-j\u00e4hrige Bestehen gro\u00df gefeiert und die \u00dcbungsfirma ist noch immer \u2013 und dies mindestens genauso erfolgreich\n                      wie in den ersten Jahren \u2013 auf dem \u00f6sterreichischen und internationalen Markt t\u00e4tig.<\/p>\n                    <p>Zum <strong>7. Mal<\/strong> konnte im Schuljahr <strong>2025\/26<\/strong> das \u201eUpgrade \u00dcbungsfirma\u201c erreicht werden.<\/p>\n                    <p>J\u00e4hrliche Messeteilnahmen im Ausland und die regelm\u00e4\u00dfige Teilnahme am Qualit\u00e4tsaudit \u00dcbungsfirma sind Fixpunkte im \u00dcbungsfirmenjahr der A&amp;M.<\/p>\n                    <p>Seit der Corona-Krise im Jahr 2020 bzw. 2021 arbeitet das B\u00fcro papierlos, d.h. alle Gesch\u00e4ftsf\u00e4lle werden elektronisch abgewickelt und Dokumente per Mail versandt.<\/p>\n                    <p>Nach jahrelanger Zusammenarbeit mit der Firma <strong>Spitz (Marke Auer)<\/strong> und der <strong>K.u. K Hofzuckerb\u00e4ckerei Heiner<\/strong> gewannen wir im Sommer 2021 auch <strong>Manner<\/strong> als Partnerfirma.\n                      <br> So k\u00f6nnen wir in unserem Sortiment in Hinkunft auch Fair-Trade-Produkte anbieten.<\/p>\n                    <p>Seit mehreren Jahren sind <strong>Frau Mag. Judith Sieber<\/strong> und <strong>Frau Anna W\u00f6lfl, MSc<\/strong> gemeinsam als \u00dcFA-Trainerinnen f\u00fcr die A&amp;M S\u00fc\u00dfwarenhandel zust\u00e4ndig und betreuen die jeweilige Klasse im Team-Teaching.<\/p>\n                    <p>Im Jahr <strong>2027<\/strong> wird die \u00dcbungsfirma ihr <strong>30-j\u00e4hriges Bestehen<\/strong> feiern, worauf wir sehr stolz sind.<\/p>\n                  <\/div>\n                <\/div>\n              <\/div>\n            <\/div>\n          <\/div>\n          <div class=\"h-column h-column-container d-flex h-col-lg-auto h-col-md-auto h-col-auto style-643-outer style-local-242-c9-outer\">\n            <div data-colibri-id=\"242-c9\" class=\"d-flex h-flex-basis h-column__inner h-ui-empty-state-container h-px-lg-2 h-px-md-2 h-px-2 v-inner-lg-2 v-inner-md-2 v-inner-2 style-643 style-local-242-c9 position-relative\">\n              <!---->\n              <!---->\n              <div class=\"w-100 h-y-container h-column__content h-column__v-align flex-basis-100\">\n                <!---->\n              <\/div>\n            <\/div>\n          <\/div>\n        <\/div>\n      <\/div>\n    <\/div>\n  <\/div>\n<\/div>","protected":false},"excerpt":{"rendered":"<p>Unsere Geschichte Im Schuljahr 1996\/97 wurde die \u00dcbungsfirma A&amp;M S\u00fc\u00dfwarenhandel GmbH im Rahmen des Projektmanagement-Unterrichtes von Frau Mag. Gerlinde Tatzber als Gesch\u00e4ftsf\u00fchrerin mit einem 3. Jahrgang HAK gegr\u00fcndet. Als Unternehmensgegenstand wurde der Handel mit S\u00fc\u00dfwaren gew\u00e4hlt, als Partnerfirmen standen uns die Firma Auer in Spillern und B\u00e4ckerei und Konditorei Mathes in Korneuburg zur Verf\u00fcgung. Von [&hellip;]<\/p>\n","protected":false},"author":1,"featured_media":0,"parent":0,"menu_order":0,"comment_status":"closed","ping_status":"closed","template":"page-templates\/full-width-page.php","meta":{"footnotes":""},"class_list":["post-242","page","type-page","status-publish","hentry"],"_links":{"self":[{"href":"https:\/\/wp.am-suesswaren.at\/index.php?rest_route=\/wp\/v2\/pages\/242","targetHints":{"allow":["GET"]}}],"collection":[{"href":"https:\/\/wp.am-suesswaren.at\/index.php?rest_route=\/wp\/v2\/pages"}],"about":[{"href":"https:\/\/wp.am-suesswaren.at\/index.php?rest_route=\/wp\/v2\/types\/page"}],"author":[{"embeddable":true,"href":"https:\/\/wp.am-suesswaren.at\/index.php?rest_route=\/wp\/v2\/users\/1"}],"replies":[{"embeddable":true,"href":"https:\/\/wp.am-suesswaren.at\/index.php?rest_route=%2Fwp%2Fv2%2Fcomments&post=242"}],"version-history":[{"count":16,"href":"https:\/\/wp.am-suesswaren.at\/index.php?rest_route=\/wp\/v2\/pages\/242\/revisions"}],"predecessor-version":[{"id":2081,"href":"https:\/\/wp.am-suesswaren.at\/index.php?rest_route=\/wp\/v2\/pages\/242\/revisions\/2081"}],"wp:attachment":[{"href":"https:\/\/wp.am-suesswaren.at\/index.php?rest_route=%2Fwp%2Fv2%2Fmedia&parent=242"}],"curies":[{"name":"wp","href":"https:\/\/api.w.org\/{rel}","templated":true}]}}