{"id":240,"date":"2024-05-16T11:18:19","date_gmt":"2024-05-16T10:18:19","guid":{"rendered":"https:\/\/wp.am-suesswaren.at\/?page_id=240"},"modified":"2025-06-10T11:26:05","modified_gmt":"2025-06-10T10:26:05","slug":"unsere-ziele","status":"publish","type":"page","link":"https:\/\/wp.am-suesswaren.at\/?page_id=240","title":{"rendered":"Unsere Ziele"},"content":{"rendered":"\n<h2 class=\"wp-block-heading\">Strategische Unternehmensziele und Jahresschwerpunkte<\/h2>\n\n\n\n<h3 class=\"wp-block-heading\">&#8230;&#8230; f\u00fcr den Betrieb (inkl.Planung)<\/h3>\n\n\n\n<p>Im Mittelpunkt f\u00fcr den Betrieb stehen f\u00fcr das laufende Schuljahr die strategischen Ziele:<\/p>\n\n\n\n<ul class=\"wp-block-list\">\n<li>Erstellung einer Plan GuV<br>(f\u00fcr jedes Quartal sp\u00e4testens zu Beginn des Kalenderviertels)<\/li>\n\n\n\n<li>Digitalisierung der Abwicklung von Gesch\u00e4ftsabl\u00e4ufen<br>(Ablage auf MS Teams, Verwendung von Dokumenten in Papierform m\u00f6glichst eingeschr\u00e4nkt, Versand der Schriftst\u00fccke vorzugsweise per Mail)<\/li>\n\n\n\n<li>Internationalisierung und Teilnahme an einer Internationalen Messe<br>(Planung mittels PM-Tools nach Abteilungswechsel im J\u00e4nner, Teilnahme an der \u00dcbungsfirmenmesse Prag)<\/li>\n\n\n\n<li>Erlangen des Upgrades \u00dcbungsfirma<br>(Planung: Vorstellung&nbsp; zu Schulbeginn, Anmeldung und \u00dcberpr\u00fcfung der n\u00f6tigen Erfordernisse)<\/li>\n\n\n\n<li>Zertifizierung Qualit\u00e4tsaudit 2026\/27<br>(Planung: Vorstellung des Konzeptes zu Schulbeginn, Qualit\u00e4tsmanager bestimmen, Zeitstruktur festlegen, alle Abteilungen einbinden, Checkliste zur Endkontrolle verwenden)<\/li>\n\n\n\n<li>Aktualisierung des Webshops bzw. der Homepage inkl. Ver\u00f6ffentlichung des Business Profiles auf der Website<br>(IT-Team bestimmen und Verantwortung f\u00fcr Webshop und Homepage \u00fcbergeben)<\/li>\n\n\n\n<li>Forcieren des Nachhaltigkeitsgedankens mit m\u00f6glichst papierlosem Gesch\u00e4ftsbetrieb&nbsp;<br>(Arbeiten mit MS Teams&nbsp;mit Kan\u00e4len f\u00fcr die einzelnen Abteilungen inkl. Dateiablage &#8211; Synchronisation der Dateien auf die lokalen Festplatten)<\/li>\n<\/ul>\n\n\n\n<h3 class=\"wp-block-heading\">&#8230;.. f\u00fcr den Lernort (inkl.Planung)<\/h3>\n\n\n\n<p>F\u00fcr den Lernort gelten folgende strategische Ziele, die umgesetzt werden sollen:<\/p>\n\n\n\n<ul class=\"wp-block-list\">\n<li>Individualisierter und selbstst\u00e4ndiger Wissenserwerb steht im Vordergrund<br>Dazu wird das Einschulungsheft \u00fcberarbeitet, sodass die Sch\u00fcler jederzeit in der Lage sind, sich neues Wissen selbstst\u00e4ndig anzueignen. Dieses steht&nbsp;in digitaler Form zur Verf\u00fcgung und kann gegebenenfalls auch gedruckt werden.<br>(Planung: vorhandenes Einschulungsheft inhaltlich \u00fcberarbeiten, um aktualisierte Informationen erg\u00e4nzen und den Mitarbeitern zur Verf\u00fcgung stellen)<\/li>\n\n\n\n<li>Forcieren von eigenverantwortlichem Handeln<\/li>\n\n\n\n<li>F\u00f6rdern von Teamarbeit<\/li>\n\n\n\n<li>F\u00f6rdern der Kommunikation zwischen den Sch\u00fclerinnen\/ Abteilungen<br>Anhand von Kurzpr\u00e4sentationen sollen die Mitarbeiter anderer Abteilungen von wichtigen Inhalten informiert werden<br>(Planung: Vorstellung Qualit\u00e4tsaudit, Messeinformation Prag, &#8230;.)<\/li>\n\n\n\n<li>F\u00f6rderung der Kommunikationskompetenz der Sch\u00fclerinnen nach au\u00dfen.<br>Hier sollen insbesondere das Telefonieren mit anderen Firmen bzw. Online-Verkaufsgespr\u00e4che via MS Teams forciert werden (Planung: Telefonmarketing, Online-Verkaufsgespr\u00e4che durchf\u00fchren)<\/li>\n\n\n\n<li>F\u00f6rderung der Konfliktl\u00f6sungskompetenz von Sch\u00fclerinnen<\/li>\n<\/ul>\n","protected":false},"excerpt":{"rendered":"<p>Strategische Unternehmensziele und Jahresschwerpunkte &#8230;&#8230; f\u00fcr den Betrieb (inkl.Planung) Im Mittelpunkt f\u00fcr den Betrieb stehen f\u00fcr das laufende Schuljahr die strategischen Ziele: &#8230;.. f\u00fcr den Lernort (inkl.Planung) F\u00fcr den Lernort gelten folgende strategische Ziele, die umgesetzt werden sollen:<\/p>\n","protected":false},"author":1,"featured_media":0,"parent":0,"menu_order":0,"comment_status":"closed","ping_status":"closed","template":"","meta":{"footnotes":""},"class_list":["post-240","page","type-page","status-publish","hentry"],"_links":{"self":[{"href":"https:\/\/wp.am-suesswaren.at\/index.php?rest_route=\/wp\/v2\/pages\/240","targetHints":{"allow":["GET"]}}],"collection":[{"href":"https:\/\/wp.am-suesswaren.at\/index.php?rest_route=\/wp\/v2\/pages"}],"about":[{"href":"https:\/\/wp.am-suesswaren.at\/index.php?rest_route=\/wp\/v2\/types\/page"}],"author":[{"embeddable":true,"href":"https:\/\/wp.am-suesswaren.at\/index.php?rest_route=\/wp\/v2\/users\/1"}],"replies":[{"embeddable":true,"href":"https:\/\/wp.am-suesswaren.at\/index.php?rest_route=%2Fwp%2Fv2%2Fcomments&post=240"}],"version-history":[{"count":3,"href":"https:\/\/wp.am-suesswaren.at\/index.php?rest_route=\/wp\/v2\/pages\/240\/revisions"}],"predecessor-version":[{"id":755,"href":"https:\/\/wp.am-suesswaren.at\/index.php?rest_route=\/wp\/v2\/pages\/240\/revisions\/755"}],"wp:attachment":[{"href":"https:\/\/wp.am-suesswaren.at\/index.php?rest_route=%2Fwp%2Fv2%2Fmedia&parent=240"}],"curies":[{"name":"wp","href":"https:\/\/api.w.org\/{rel}","templated":true}]}}