{"id":238,"date":"2024-05-16T11:17:47","date_gmt":"2024-05-16T10:17:47","guid":{"rendered":"https:\/\/wp.am-suesswaren.at\/?page_id=238"},"modified":"2025-11-25T14:16:44","modified_gmt":"2025-11-25T13:16:44","slug":"unser-leitbild","status":"publish","type":"page","link":"https:\/\/wp.am-suesswaren.at\/?page_id=238","title":{"rendered":"Unser Leitbild"},"content":{"rendered":"<div data-colibri-id=\"238-c1\" class=\"style-370 style-local-238-c1 position-relative\">\n  <!---->\n  <div data-colibri-component=\"section\" data-colibri-id=\"238-c2\" id=\"initial-content\" class=\"h-section h-section-global-spacing d-flex align-items-lg-center align-items-md-center align-items-center style-371 style-local-238-c2 position-relative\">\n    <!---->\n    <!---->\n    <div class=\"h-section-grid-container h-section-boxed-container\">\n      <!---->\n      <div data-colibri-id=\"238-c6\" class=\"h-row-container gutters-row-lg-2 gutters-row-md-2 gutters-row-0 gutters-row-v-lg-2 gutters-row-v-md-2 gutters-row-v-2 style-375 style-local-238-c6 position-relative\">\n        <!---->\n        <div class=\"h-row justify-content-lg-center justify-content-md-center justify-content-center align-items-lg-stretch align-items-md-stretch align-items-stretch gutters-col-lg-2 gutters-col-md-2 gutters-col-0 gutters-col-v-lg-2 gutters-col-v-md-2 gutters-col-v-2\">\n          <!---->\n          <div class=\"h-column h-column-container d-flex h-col-lg-auto h-col-md-auto h-col-auto style-376-outer style-local-238-c7-outer\">\n            <div data-colibri-id=\"238-c7\" class=\"d-flex h-flex-basis h-column__inner h-px-lg-2 h-px-md-2 h-px-2 v-inner-lg-2 v-inner-md-2 v-inner-2 style-376 style-local-238-c7 position-relative\">\n              <!---->\n              <!---->\n              <div class=\"w-100 h-y-container h-column__content h-column__v-align flex-basis-100 align-self-lg-start align-self-md-start align-self-start\">\n                <!---->\n                <div data-colibri-id=\"238-c8\" class=\"h-text h-text-component style-377 style-local-238-c8 position-relative h-element\">\n                  <!---->\n                  <!---->\n                  <div class=\"\">\n                    <p>Die A&amp;M S\u00fc\u00dfwarenhandel GesmbH ist ein f\u00fchrender Anbieter f\u00fcr S\u00fc\u00dfwaren am \u00f6sterreichischen \u00dcbungsfirmenmarkt. Unser Sortiment soll die Bed\u00fcrfnisse unserer weitgef\u00e4cherten Kundengruppe erf\u00fcllen. Somit liefern wir nicht nur Waffeln\n                      aller Art, sondern auch sehr hochwertiges und exklusives, handgefertigtes Konfekt sowie Schokoladen und bieten auch Torten im Holzkisterl zum Versand an. Wir treten am Markt als aktiver und zuverl\u00e4ssiger Gesch\u00e4ftspartner auf.<\/p>\n                    <p><strong>In unserer dynamischen \u00dcbungsfirma arbeiten 27 engagierte und motivierte Mitarbeiter\/innen in folgenden Abteilungen:<\/strong><\/p>\n                    <ul>\n                      <li>Einkauf<\/li>\n                      <li>Verkauf<\/li>\n                      <li>Rechnungswesen (Buchhaltung und Zahlungsverkehr)<\/li>\n                      <li>Assistenten<\/li>\n                      <li>Support&nbsp;<\/li>\n                      <li>Privatkonsum<\/li>\n                      <li>IT &amp; Marketing<\/li>\n                    <\/ul>\n                    <p><strong>In unserer \u00dcbungsfirma legen Wert auf:<\/strong><\/p>\n                    <ul>\n                      <li>Teamf\u00e4higkeit und Kommunikationsf\u00e4higkeit<\/li>\n                      <li>engagiertes Arbeiten mit Eigenverantwortung<\/li>\n                      <li>gegenseitigen Respekt und Wertsch\u00e4tzung<\/li>\n                      <li>gute Umgangsformen<\/li>\n                      <li>professionelle Arbeitshaltung<\/li>\n                    <\/ul>\n                    <p><strong>Wir bieten unseren Mitarbeiterinnen und Mitarbeitern:<\/strong><\/p>\n                    <ul>\n                      <li>einen Lernort und einen Betrieb<\/li>\n                      <li>eine bestens eingef\u00fchrte \u00dcbungsfirma, die oftmalig mit der Qualit\u00e4tsmarke von ACT zertifiziert wurde<\/li>\n                      <li>zwei motivierte und erfahrene Gesch\u00e4ftsf\u00fchrerinnen<\/li>\n                      <li>modern ausgestattete B\u00fcror\u00e4ume mit allen erforderlichen Ger\u00e4ten<\/li>\n                      <li>eine angenehme Arbeits- und Lernumgebung<\/li>\n                      <li>individuelle F\u00f6rderma\u00dfnahmen<\/li>\n                      <li>die Teilnahme an verschiedenen Wettbewerben<\/li>\n                    <\/ul>\n                    <p><strong>Wir verfolgen folgende Grunds\u00e4tze:<\/strong><\/p>\n                    <ul>\n                      <li>In unserem unternehmerischen Denken und Handeln stehen die Bed\u00fcrfnisse der Kunden im Mittelpunkt. Wir haben uns zum Ziel gesetzt, unseren Kunden qualitativ hochwertige Produkte und gutes Service zu bieten.<\/li>\n                      <li>Damit unsere Mitarbeiter die notwendigen Anforderungen erf\u00fcllen k\u00f6nnen, werden sie laufend geschult. Somit wird der individuelle Kundenkontakt verbessert. Dies erm\u00f6glicht uns, der Erwartungshaltung und dem Vertrauen unserer Kunden\n                        in einer dauerhaften Kundenbeziehung zu entsprechen.<\/li>\n                      <li>Die MitarbeiterInnen sind das entscheidende Potenzial unseres Unternehmens. Alle Mitarbeiter sollen die Strukturen und Abl\u00e4ufe unseres Unternehmens erkennen und so viele Praxiserfahrungen wie nur m\u00f6glich durch selbstst\u00e4ndiges und\n                        eigenverantwortliches Handeln sammeln. Die MitarbeiterInnen sollen in Teams arbeiten und ihre Aufgaben inhaltlich richtig und termingerecht erledigen. Die F\u00f6rderung der Pers\u00f6nlichkeit, der Kreativit\u00e4t und des Verantwortungsbewusstseins\n                        jedes einzelnen Mitarbeiters sind wesentlicher Bestandteil unserer Grunds\u00e4tze.<\/li>\n                    <\/ul>\n                    <p>Insgesamt soll dadurch unseren&nbsp;Mitarbeiterinnen und Mitarbeitern&nbsp;der Einstieg in das sp\u00e4tere Berufsleben erleichtert&nbsp;und ihre Chancen am Arbeitsmarkt erh\u00f6ht werden.\u200b<\/p>\n                    <p>\u200bBei jeder betrieblichen Entscheidung sollen alle&nbsp;\u00f6kologischen, \u00f6konomischen und sozialen Aspekte&nbsp;nach M\u00f6glichkeit gleichzeitig und ausgewogen ber\u00fccksichtigt werden, das&nbsp;Thema Nachhaltigkeit&nbsp;ist uns ein gro\u00dfes Anliegen.\n                      M\u00fcllvermeidung und M\u00fclltrennung sind f\u00fcr uns selbstverst\u00e4ndlich.<\/p>\n                    <p>Durch die steigende Digitalisierung ist es auch nicht notwendig, alle Dokumente auszudrucken. Wir wollen in diesem Bereich Vorbild sein und auch andere zum Nachdenken anregen. So wird besonders der Versand der Dokumente auf elektronischem\n                      Weg forciert.<\/p>\n                    <p>\n                      <br>\n                    <\/p>\n                  <\/div>\n                <\/div>\n              <\/div>\n            <\/div>\n          <\/div>\n        <\/div>\n      <\/div>\n      <div data-colibri-id=\"238-c3\" class=\"h-row-container gutters-row-lg-2 gutters-row-md-2 gutters-row-0 gutters-row-v-lg-2 gutters-row-v-md-2 gutters-row-v-2 style-372 style-local-238-c3 position-relative\">\n        <!---->\n        <div class=\"h-row justify-content-lg-center justify-content-md-center justify-content-center align-items-lg-stretch align-items-md-stretch align-items-stretch gutters-col-lg-2 gutters-col-md-2 gutters-col-0 gutters-col-v-lg-2 gutters-col-v-md-2 gutters-col-v-2\">\n          <!---->\n          <div class=\"h-column h-column-container d-flex h-col-lg-auto h-col-md-auto h-col-auto style-373-outer style-local-238-c4-outer\">\n            <div data-colibri-id=\"238-c4\" class=\"d-flex h-flex-basis h-column__inner h-ui-empty-state-container h-px-lg-2 h-px-md-2 h-px-2 v-inner-lg-2 v-inner-md-2 v-inner-2 style-373 style-local-238-c4 position-relative\">\n              <!---->\n              <!---->\n              <div class=\"w-100 h-y-container h-column__content h-column__v-align flex-basis-100\">\n                <!---->\n              <\/div>\n            <\/div>\n          <\/div>\n        <\/div>\n      <\/div>\n    <\/div>\n  <\/div>\n<\/div>","protected":false},"excerpt":{"rendered":"<p>Die A&amp;M S\u00fc\u00dfwarenhandel GesmbH ist ein f\u00fchrender Anbieter f\u00fcr S\u00fc\u00dfwaren am \u00f6sterreichischen \u00dcbungsfirmenmarkt. Unser Sortiment soll die Bed\u00fcrfnisse unserer weitgef\u00e4cherten Kundengruppe erf\u00fcllen. Somit liefern wir nicht nur Waffeln aller Art, sondern auch sehr hochwertiges und exklusives, handgefertigtes Konfekt sowie Schokoladen und bieten auch Torten im Holzkisterl zum Versand an. Wir treten am Markt als aktiver [&hellip;]<\/p>\n","protected":false},"author":1,"featured_media":0,"parent":0,"menu_order":0,"comment_status":"closed","ping_status":"closed","template":"page-templates\/full-width-page.php","meta":{"footnotes":""},"class_list":["post-238","page","type-page","status-publish","hentry"],"_links":{"self":[{"href":"https:\/\/wp.am-suesswaren.at\/index.php?rest_route=\/wp\/v2\/pages\/238","targetHints":{"allow":["GET"]}}],"collection":[{"href":"https:\/\/wp.am-suesswaren.at\/index.php?rest_route=\/wp\/v2\/pages"}],"about":[{"href":"https:\/\/wp.am-suesswaren.at\/index.php?rest_route=\/wp\/v2\/types\/page"}],"author":[{"embeddable":true,"href":"https:\/\/wp.am-suesswaren.at\/index.php?rest_route=\/wp\/v2\/users\/1"}],"replies":[{"embeddable":true,"href":"https:\/\/wp.am-suesswaren.at\/index.php?rest_route=%2Fwp%2Fv2%2Fcomments&post=238"}],"version-history":[{"count":3,"href":"https:\/\/wp.am-suesswaren.at\/index.php?rest_route=\/wp\/v2\/pages\/238\/revisions"}],"predecessor-version":[{"id":885,"href":"https:\/\/wp.am-suesswaren.at\/index.php?rest_route=\/wp\/v2\/pages\/238\/revisions\/885"}],"wp:attachment":[{"href":"https:\/\/wp.am-suesswaren.at\/index.php?rest_route=%2Fwp%2Fv2%2Fmedia&parent=238"}],"curies":[{"name":"wp","href":"https:\/\/api.w.org\/{rel}","templated":true}]}}