{"id":214,"date":"2024-05-16T10:52:56","date_gmt":"2024-05-16T09:52:56","guid":{"rendered":"https:\/\/wp.am-suesswaren.at\/?page_id=214"},"modified":"2026-01-13T14:18:17","modified_gmt":"2026-01-13T13:18:17","slug":"impressum","status":"publish","type":"page","link":"https:\/\/wp.am-suesswaren.at\/?page_id=214","title":{"rendered":"Impressum"},"content":{"rendered":"<div data-colibri-id=\"214-c1\" class=\"style-407 style-local-214-c1 position-relative\">\n  <!---->\n  <div data-colibri-component=\"section\" data-colibri-id=\"214-c2\" id=\"initial-content\" class=\"h-section h-section-global-spacing d-flex align-items-lg-center align-items-md-center align-items-center style-408 style-local-214-c2 position-relative\">\n    <!---->\n    <!---->\n    <div class=\"h-section-grid-container h-section-boxed-container\">\n      <!---->\n      <div data-colibri-id=\"214-c3\" class=\"h-row-container gutters-row-lg-2 gutters-row-md-2 gutters-row-0 gutters-row-v-lg-2 gutters-row-v-md-2 gutters-row-v-2 style-409 style-local-214-c3 position-relative\">\n        <!---->\n        <div class=\"h-row justify-content-lg-center justify-content-md-center justify-content-center align-items-lg-stretch align-items-md-stretch align-items-stretch gutters-col-lg-2 gutters-col-md-2 gutters-col-0 gutters-col-v-lg-2 gutters-col-v-md-2 gutters-col-v-2\">\n          <!---->\n          <div class=\"h-column h-column-container d-flex h-col-lg-auto h-col-md-auto h-col-auto style-410-outer style-local-214-c4-outer\">\n            <div data-colibri-id=\"214-c4\" class=\"d-flex h-flex-basis h-column__inner h-px-lg-2 h-px-md-2 h-px-2 v-inner-lg-2 v-inner-md-2 v-inner-2 style-410 style-local-214-c4 position-relative\">\n              <!---->\n              <!---->\n              <div class=\"w-100 h-y-container h-column__content h-column__v-align flex-basis-100 align-self-lg-start align-self-md-start align-self-start\">\n                <!---->\n                <div data-colibri-id=\"214-c5\" class=\"h-text h-text-component style-412 style-local-214-c5 position-relative h-element\">\n                  <!---->\n                  <!---->\n                  <div class=\"\">\n                    <p><strong style=\"font-size: 12pt; font-family: Aptos, Aptos_EmbeddedFont, Aptos_MSFontService, sans-serif;\">Inhaber, Herausgeber, Verleger:<\/strong><span style=\"font-size: 12pt; font-family: WordVisiCarriageReturn_MSFontService, Aptos, Aptos_EmbeddedFont, Aptos_MSFontService, sans-serif;\">&nbsp;<br><\/span>\n                      <span\n                        style=\"font-size: 12pt; font-family: Aptos, Aptos_EmbeddedFont, Aptos_MSFontService, sans-serif;\">A&amp;M\u202fS\u00fc\u00dfwarenhandel GesmbH, \u00dcbungsfirma der BHAK Korneuburg<\/span><span style=\"font-size: 12pt; font-family: WordVisiCarriageReturn_MSFontService, Aptos, Aptos_EmbeddedFont, Aptos_MSFontService, sans-serif;\">&nbsp;<br><\/span>\n                        <span\n                          style=\"font-size: 12pt; font-family: Aptos, Aptos_EmbeddedFont, Aptos_MSFontService, sans-serif;\">Gesch\u00e4ftsf\u00fchrung: Mag. Judith&nbsp;Sieber, Anna&nbsp;W\u00f6lfl,&nbsp;MSc<\/span><span style=\"font-size: 12pt; font-family: WordVisiCarriageReturn_MSFontService, Aptos, Aptos_EmbeddedFont, Aptos_MSFontService, sans-serif;\">&nbsp;<br><\/span>\n                          <span\n                            style=\"font-size: 12pt; font-family: Aptos, Aptos_EmbeddedFont, Aptos_MSFontService, sans-serif;\">Bankmannring 1<\/span><span style=\"font-size: 12pt; font-family: WordVisiCarriageReturn_MSFontService, Aptos, Aptos_EmbeddedFont, Aptos_MSFontService, sans-serif;\">&nbsp;<br><\/span><span style=\"font-size: 12pt; font-family: Aptos, Aptos_EmbeddedFont, Aptos_MSFontService, sans-serif;\">2100 Korneuburg&nbsp;<\/span><\/p>\n                    <p><span style=\"font-size: 12pt; font-family: Aptos, Aptos_EmbeddedFont, Aptos_MSFontService, sans-serif;\">Verantwortlich f\u00fcr den Inhalt: Mag. Judith Sieber&nbsp;<\/span><\/p>\n                    <p><strong style=\"font-size: 12pt; font-family: Aptos, Aptos_EmbeddedFont, Aptos_MSFontService, sans-serif;\">Grundlegende Richtung des Mediums:<\/strong><span style=\"font-size: 12pt; font-family: WordVisiCarriageReturn_MSFontService, Aptos, Aptos_EmbeddedFont, Aptos_MSFontService, sans-serif;\">&nbsp;<br><\/span>\n                      <a\n                        href=\"http:\/\/www.am-suesswaren.at\" style=\"font-size: 12pt; font-family: Aptos, Aptos_EmbeddedFont, Aptos_MSFontService, sans-serif; color: rgb(70, 120, 134);\" target=\"_blank\" rel=\"noreferrer noopener\" class=\"customize-unpreviewable\">http:<\/a>\n                        <a href=\"http:\/\/karlkoffner.wixsite.com\/uebungsfirma\" style=\"font-size: 12pt; font-family: Aptos, Aptos_EmbeddedFont, Aptos_MSFontService, sans-serif; color: rgb(70, 120, 134);\" target=\"_blank\" rel=\"noreferrer noopener\"\n                          class=\"customize-unpreviewable\">\/<\/a>\n                        <a href=\"http:\/\/www.am-suesswaren.at\" style=\"font-size: 12pt; font-family: Aptos, Aptos_EmbeddedFont, Aptos_MSFontService, sans-serif; color: rgb(70, 120, 134);\" target=\"_blank\" rel=\"noreferrer noopener\" class=\"customize-unpreviewable\">\/www.am-suesswaren.at<\/a><span style=\"font-size: 12pt; font-family: Aptos, Aptos_EmbeddedFont, Aptos_MSFontService, sans-serif;\">\u202fist die Webseite zur \u00dcbungsfirma einer kaufm\u00e4nnischen Schule, d.h. alle Gesch\u00e4fte und Vorg\u00e4nge finden\u202fnur zu Trainingszwecken statt und werden niemals real abgewickelt.<\/span>\n                        <span\n                          style=\"font-size: 12pt; font-family: WordVisiCarriageReturn_MSFontService, Aptos, Aptos_EmbeddedFont, Aptos_MSFontService, sans-serif;\">&nbsp;\n                          <br>\n                          <\/span><span style=\"font-size: 12pt; font-family: Aptos, Aptos_EmbeddedFont, Aptos_MSFontService, sans-serif;\">Die vorliegende Website ist ein Online-Angebot von A&amp;M S\u00fc\u00dfwarenhandel GmbH im\u202fInternet. Im Rahmen dieser Website werden umfangreiche Informationen \u00fcber unser Unternehmen und zu unseren Produkten bereitgestellt.&nbsp;<\/span><\/p>\n                    <p><strong style=\"font-size: 12pt; font-family: Aptos, Aptos_EmbeddedFont, Aptos_MSFontService, sans-serif;\">Rechtsform<\/strong><span style=\"font-size: 12pt; font-family: Aptos, Aptos_EmbeddedFont, Aptos_MSFontService, sans-serif;\">: Gesellschaft mit beschr\u00e4nkter Haftung&nbsp;<\/span>\n                      <span\n                        style=\"font-size: 12pt; font-family: WordVisiCarriageReturn_MSFontService, Aptos, Aptos_EmbeddedFont, Aptos_MSFontService, sans-serif;\">\n                        <br>\n                        <\/span><strong style=\"font-size: 12pt; font-family: Aptos, Aptos_EmbeddedFont, Aptos_MSFontService, sans-serif;\">Unternehmensgegenstand<\/strong><span style=\"font-size: 12pt; font-family: Aptos, Aptos_EmbeddedFont, Aptos_MSFontService, sans-serif;\">: Handel mit Back- und S\u00fc\u00dfwaren<\/span>\n                        <span\n                          style=\"font-size: 12pt; font-family: WordVisiCarriageReturn_MSFontService, Aptos, Aptos_EmbeddedFont, Aptos_MSFontService, sans-serif;\">&nbsp;\n                          <br>\n                          <\/span><strong style=\"font-size: 12pt; font-family: Aptos, Aptos_EmbeddedFont, Aptos_MSFontService, sans-serif;\">Adresse<\/strong><span style=\"font-size: 12pt; font-family: Aptos, Aptos_EmbeddedFont, Aptos_MSFontService, sans-serif;\">: A-2100 Korneuburg, Bankmannring 1<\/span>\n                          <span\n                            style=\"font-size: 12pt; font-family: WordVisiCarriageReturn_MSFontService, Aptos, Aptos_EmbeddedFont, Aptos_MSFontService, sans-serif;\">&nbsp;\n                            <br>\n                            <\/span><strong style=\"font-size: 12pt; font-family: Aptos, Aptos_EmbeddedFont, Aptos_MSFontService, sans-serif;\">Telefon<\/strong><span style=\"font-size: 12pt; font-family: Aptos, Aptos_EmbeddedFont, Aptos_MSFontService, sans-serif;\">: +43 2262 72150 &#8211; 20<\/span>\n                            <span\n                              style=\"font-size: 12pt; font-family: WordVisiCarriageReturn_MSFontService, Aptos, Aptos_EmbeddedFont, Aptos_MSFontService, sans-serif;\">&nbsp;\n                              <br>\n                              <\/span><strong style=\"font-size: 12pt; font-family: Aptos, Aptos_EmbeddedFont, Aptos_MSFontService, sans-serif;\">E-Mail<\/strong><span style=\"font-size: 12pt; font-family: Aptos, Aptos_EmbeddedFont, Aptos_MSFontService, sans-serif;\">:\u202f<\/span>\n                              <a\n                                href=\"mailto:a_msuesswaren400@uebungsfirmen.at\" style=\"font-size: 12pt; font-family: Aptos, Aptos_EmbeddedFont, Aptos_MSFontService, sans-serif; color: rgb(70, 120, 134);\" target=\"_blank\" rel=\"noreferrer noopener\">a_msuesswaren400@uebungsfirmen.at<\/a><span style=\"font-size: 12pt; font-family: WordVisiCarriageReturn_MSFontService, Aptos, Aptos_EmbeddedFont, Aptos_MSFontService, sans-serif;\">&nbsp;<br><\/span><strong style=\"font-size: 12pt; font-family: Aptos, Aptos_EmbeddedFont, Aptos_MSFontService, sans-serif;\">Firmenbuchnr<\/strong>\n                                <span\n                                  style=\"font-size: 12pt; font-family: Aptos, Aptos_EmbeddedFont, Aptos_MSFontService, sans-serif;\">: 400&nbsp;<\/span>\n                    <\/p>\n                    <p><strong style=\"font-size: 12pt; font-family: Aptos, Aptos_EmbeddedFont, Aptos_MSFontService, sans-serif;\">Stammkapital<\/strong><span style=\"font-size: 12pt; font-family: Aptos, Aptos_EmbeddedFont, Aptos_MSFontService, sans-serif;\">:&nbsp;157 672,83&nbsp;<\/span><\/p>\n                    <p><strong style=\"font-size: 12pt; font-family: Aptos, Aptos_EmbeddedFont, Aptos_MSFontService, sans-serif;\">Gewerbeordnung<\/strong><span style=\"font-size: 12pt; font-family: Aptos, Aptos_EmbeddedFont, Aptos_MSFontService, sans-serif;\">:&nbsp;<\/span>\n                      <a\n                        href=\"https:\/\/www.ris.bka.gv.at\/GeltendeFassung.wxe?Abfrage=Bundesnormen&amp;Gesetzesnummer=10007517\" style=\"font-size: 12pt; font-family: Aptos, Aptos_EmbeddedFont, Aptos_MSFontService, sans-serif; color: rgb(70, 120, 134);\" target=\"_blank\"\n                        rel=\"noreferrer noopener\" class=\"customize-unpreviewable\">RIS<\/a><span style=\"font-size: 12pt; font-family: Aptos, Aptos_EmbeddedFont, Aptos_MSFontService, sans-serif;\">&nbsp;&nbsp;<\/span><\/p>\n                    <p><strong style=\"font-size: 12pt; font-family: Aptos, Aptos_EmbeddedFont, Aptos_MSFontService, sans-serif;\">Firmenbuchgericht<\/strong><span style=\"font-size: 12pt; font-family: Aptos, Aptos_EmbeddedFont, Aptos_MSFontService, sans-serif;\">: ACT Wien<\/span>\n                      <span\n                        style=\"font-size: 12pt; font-family: WordVisiCarriageReturn_MSFontService, Aptos, Aptos_EmbeddedFont, Aptos_MSFontService, sans-serif;\">&nbsp;\n                        <br>\n                        <\/span><strong style=\"font-size: 12pt; font-family: Aptos, Aptos_EmbeddedFont, Aptos_MSFontService, sans-serif;\">Intern. Firmencode:<\/strong><span style=\"font-size: 12pt; font-family: Aptos, Aptos_EmbeddedFont, Aptos_MSFontService, sans-serif;\">\u202fat010000400<\/span>\n                        <span\n                          style=\"font-size: 12pt; font-family: WordVisiCarriageReturn_MSFontService, Aptos, Aptos_EmbeddedFont, Aptos_MSFontService, sans-serif;\">&nbsp;\n                          <br>\n                          <\/span><strong style=\"font-size: 12pt; font-family: Aptos, Aptos_EmbeddedFont, Aptos_MSFontService, sans-serif;\">Zertifizierung<\/strong><span style=\"font-size: 12pt; font-family: Aptos, Aptos_EmbeddedFont, Aptos_MSFontService, sans-serif;\">: Qualit\u00e4tsmarke \u00dcFA 2003, 2006, 2009, 2010, 2013, 2015, 2017, 2019, 2021, 2023, 2025<\/span>\n                          <span\n                            style=\"font-size: 12pt; font-family: WordVisiCarriageReturn_MSFontService, Aptos, Aptos_EmbeddedFont, Aptos_MSFontService, sans-serif;\">&nbsp;\n                            <br>\n                            <\/span><strong style=\"font-size: 12pt; font-family: Aptos, Aptos_EmbeddedFont, Aptos_MSFontService, sans-serif;\">UID<\/strong><span style=\"font-size: 12pt; font-family: Aptos, Aptos_EmbeddedFont, Aptos_MSFontService, sans-serif;\">: ATU00040044<\/span>\n                            <span\n                              style=\"font-size: 12pt; font-family: WordVisiCarriageReturn_MSFontService, Aptos, Aptos_EmbeddedFont, Aptos_MSFontService, sans-serif;\">&nbsp;\n                              <br>\n                              <\/span><strong style=\"font-size: 12pt; font-family: Aptos, Aptos_EmbeddedFont, Aptos_MSFontService, sans-serif;\">Kammervertretung<\/strong><span style=\"font-size: 12pt; font-family: Aptos, Aptos_EmbeddedFont, Aptos_MSFontService, sans-serif;\">:&nbsp;ACT Wirtschaftskammer&nbsp;<\/span><\/p>\n                    <p><span style=\"font-size: 12pt; font-family: Aptos, Aptos_EmbeddedFont, Aptos_MSFontService, sans-serif;\">&nbsp;<\/span><\/p>\n                    <p><strong style=\"font-size: 12pt; font-family: Aptos, Aptos_EmbeddedFont, Aptos_MSFontService, sans-serif;\">Haftung:<\/strong><span style=\"font-size: 12pt; font-family: Aptos, Aptos_EmbeddedFont, Aptos_MSFontService, sans-serif;\">&nbsp;<\/span><\/p>\n                    <p><span style=\"font-size: 12pt; font-family: Aptos, Aptos_EmbeddedFont, Aptos_MSFontService, sans-serif;\">Die Nutzung dieser Website erfolgt auf eigene Gefahr und auf eigenes Risiko. Wir \u00fcbernehmen weder Gew\u00e4hr f\u00fcr st\u00e4ndige&nbsp;Verf\u00fcgbarkeit&nbsp;noch f\u00fcr die ver\u00f6ffentlichten Beitr\u00e4ge, Angebote, Dienstleistungen und Services hinsichtlich Richtigkeit, Vollst\u00e4ndigkeit und Funktionalit\u00e4t. Jegliche Haftung f\u00fcr Sch\u00e4den, die direkt oder indirekt aus der Benutzung dieser Website entstehen, ist ausgeschlossen.&nbsp;<\/span><\/p>\n                    <p><span style=\"font-size: 12pt; font-family: Aptos, Aptos_EmbeddedFont, Aptos_MSFontService, sans-serif;\">Dieser Dienst wird unter dem Gesichtspunkt gr\u00f6\u00dfter Sorgfalt, Zuverl\u00e4ssigkeit und Verf\u00fcgbarkeit betrieben. Aus technischen Gr\u00fcnden ist es jedoch nicht m\u00f6glich, dass dieser Dienst ohne Unterbrechung zug\u00e4nglich ist, die gew\u00fcnschten Verbindungen&nbsp;immer hergestellt werden k\u00f6nnen oder, gespeicherte Daten unter allen Gegebenheiten erhalten bleiben. Die st\u00e4ndige Verf\u00fcgbarkeit aller mit diesem Dienst verbundenen Leistungen kann daher nicht zugesichert werden. Verbindungen zu anderen Netzbetreibern erfolgen nach Ma\u00dfgabe der M\u00f6glichkeiten. Jegliche Haftung f\u00fcr Probleme, deren Ursache in den Netzen Dritter liegt, ist ausgeschlossen. Die Nutzung anderer Netze unterliegt den Bestimmungen der jeweiligen Betreiber. Im Falle von h\u00f6herer Gewalt, Streiks, Einschr\u00e4nkungen der Leistungen anderer Netzbetreiber oder bei Reparatur- und Wartungsarbeiten kann es zu Einschr\u00e4nkungen oder Unterbrechungen kommen, wobei wir f\u00fcr derartige Ausf\u00e4lle nicht haften.&nbsp;<\/span><\/p>\n                    <p><span style=\"font-size: 12pt; font-family: Aptos, Aptos_EmbeddedFont, Aptos_MSFontService, sans-serif;\">Sollten Inhalte unserer Website gegen geltendes Recht versto\u00dfen, werden diese sofort und unverz\u00fcglich entfernt bzw. auf Wunsch mit entsprechendem Urheberrechtsverweis versehen. Der Betreuer der Website beh\u00e4lt sich das Recht vor, ohne vorherige Ank\u00fcndigung \u00c4nderungen oder Erg\u00e4nzungen der bereitgestellten Informationen vorzunehmen,&nbsp;gegebenfalls&nbsp;auch Informationen zu entfernen.&nbsp;<\/span><\/p>\n                    <p><strong style=\"font-size: 12pt; font-family: Aptos, Aptos_EmbeddedFont, Aptos_MSFontService, sans-serif;\">Copyright:<\/strong><span style=\"font-size: 12pt; font-family: WordVisiCarriageReturn_MSFontService, Aptos, Aptos_EmbeddedFont, Aptos_MSFontService, sans-serif;\">&nbsp;<br><\/span>\n                      <span\n                        style=\"font-size: 12pt; font-family: Aptos, Aptos_EmbeddedFont, Aptos_MSFontService, sans-serif;\">Alle Inhalte auf dieser Website sind urheberrechtlich (\u00a9) gesch\u00fctzt. Texte, Bilder, Grafiken, Sounds, Animationen und Videos unterliegen dem Schutz des Urheberrechts. Der Inhalt darf nicht zu kommerziellen Zwecken kopiert, verbreitet,\n                        ver\u00e4ndert oder Dritten zug\u00e4nglich gemacht werden. Jede Nutzung, insbesondere die Speicherung in Datenbanken, Vervielf\u00e4ltigung, Verbreitung, Bearbeitung sowie jegliche Form gewerblicher Nutzung sowie die Weitergabe an Dritte, auch\n                        in Teilen oder in \u00fcberarbeiteter Form, ist ohne Zustimmung des Urhebers untersagt. Bilder und Grafiken der Produkte wurden der A&amp;M S\u00fc\u00dfwarenhandel GmbH freundlicherweise von ihren Partnerunternehmen (Josef Manner &amp; Comp.\n                        AG, Auer Gesellschaft m.b.H., L. Heiner OG) zur Verf\u00fcgung gestellt.&nbsp;<\/span>\n                    <\/p>\n                    <p><strong style=\"font-size: 12pt; font-family: Aptos, Aptos_EmbeddedFont, Aptos_MSFontService, sans-serif;\">Links:<\/strong><span style=\"font-size: 12pt; font-family: WordVisiCarriageReturn_MSFontService, Aptos, Aptos_EmbeddedFont, Aptos_MSFontService, sans-serif;\">&nbsp;<br><\/span>\n                      <span\n                        style=\"font-size: 12pt; font-family: Aptos, Aptos_EmbeddedFont, Aptos_MSFontService, sans-serif;\">S\u00e4mtliche Links wurden mit gr\u00f6\u00dfter Sorgfalt zusammengestellt. Wir \u00fcbernehmen jedoch keinerlei Haftung, weder f\u00fcr den Inhalt, die Richtigkeit, Funktionalit\u00e4t und Verf\u00fcgbarkeit der verlinkten Webseiten. Dies gilt auch bei allen anderen\n                        direkten oder indirekten Verweisen oder Verlinkungen auf fremde Internetangebote. Links auf unsere Website sind erw\u00fcnscht, wenn sie als externe Links (eigenes Browserfenster) gestaltet sind. Eine \u00dcbernahme des Hauptfensters in\n                        einen Frame des Linksetzers ist unzul\u00e4ssig. Sollte eine Website, auf die wir verlinkt haben, rechtswidrige Inhalte enthalten, so bitten wir um Mitteilung, der Link wird dann umgehend entfernt.&nbsp;<\/span>\n                    <\/p>\n                    <p><span style=\"font-size: 12pt; font-family: Aptos, Aptos_EmbeddedFont, Aptos_MSFontService, sans-serif;\">A&amp;M S\u00fc\u00dfwaren&nbsp;<\/span><\/p>\n                    <p><span style=\"font-size: 12pt; font-family: Aptos, Aptos_EmbeddedFont, Aptos_MSFontService, sans-serif;\">&nbsp;<\/span><\/p>\n                    <p>\n                      <br>\n                    <\/p>\n                  <\/div>\n                <\/div>\n              <\/div>\n            <\/div>\n          <\/div>\n        <\/div>\n      <\/div>\n    <\/div>\n  <\/div>\n<\/div>","protected":false},"excerpt":{"rendered":"<p>Inhaber, Herausgeber, Verleger:&nbsp; A&amp;M\u202fS\u00fc\u00dfwarenhandel GesmbH, \u00dcbungsfirma der BHAK Korneuburg&nbsp; Gesch\u00e4ftsf\u00fchrung: Mag. Judith&nbsp;Sieber, Anna&nbsp;W\u00f6lfl,&nbsp;MSc&nbsp; Bankmannring 1&nbsp;2100 Korneuburg&nbsp; Verantwortlich f\u00fcr den Inhalt: Mag. Judith Sieber&nbsp; Grundlegende Richtung des Mediums:&nbsp; http: \/ \/www.am-suesswaren.at\u202fist die Webseite zur \u00dcbungsfirma einer kaufm\u00e4nnischen Schule, d.h. alle Gesch\u00e4fte und Vorg\u00e4nge finden\u202fnur zu Trainingszwecken statt und werden niemals real abgewickelt. &nbsp; Die vorliegende Website [&hellip;]<\/p>\n","protected":false},"author":1,"featured_media":0,"parent":0,"menu_order":0,"comment_status":"closed","ping_status":"closed","template":"page-templates\/full-width-page.php","meta":{"footnotes":""},"class_list":["post-214","page","type-page","status-publish","hentry"],"_links":{"self":[{"href":"https:\/\/wp.am-suesswaren.at\/index.php?rest_route=\/wp\/v2\/pages\/214","targetHints":{"allow":["GET"]}}],"collection":[{"href":"https:\/\/wp.am-suesswaren.at\/index.php?rest_route=\/wp\/v2\/pages"}],"about":[{"href":"https:\/\/wp.am-suesswaren.at\/index.php?rest_route=\/wp\/v2\/types\/page"}],"author":[{"embeddable":true,"href":"https:\/\/wp.am-suesswaren.at\/index.php?rest_route=\/wp\/v2\/users\/1"}],"replies":[{"embeddable":true,"href":"https:\/\/wp.am-suesswaren.at\/index.php?rest_route=%2Fwp%2Fv2%2Fcomments&post=214"}],"version-history":[{"count":9,"href":"https:\/\/wp.am-suesswaren.at\/index.php?rest_route=\/wp\/v2\/pages\/214\/revisions"}],"predecessor-version":[{"id":1014,"href":"https:\/\/wp.am-suesswaren.at\/index.php?rest_route=\/wp\/v2\/pages\/214\/revisions\/1014"}],"wp:attachment":[{"href":"https:\/\/wp.am-suesswaren.at\/index.php?rest_route=%2Fwp%2Fv2%2Fmedia&parent=214"}],"curies":[{"name":"wp","href":"https:\/\/api.w.org\/{rel}","templated":true}]}}