{"id":212,"date":"2024-05-16T10:52:47","date_gmt":"2024-05-16T09:52:47","guid":{"rendered":"https:\/\/wp.am-suesswaren.at\/?page_id=212"},"modified":"2026-01-13T14:13:02","modified_gmt":"2026-01-13T13:13:02","slug":"agbs","status":"publish","type":"page","link":"https:\/\/wp.am-suesswaren.at\/?page_id=212","title":{"rendered":"AGB&#8217;s"},"content":{"rendered":"\n<h1 class=\"wp-block-heading\"><\/h1>\n\n\n\n<h2 class=\"wp-block-heading\">Allgemeines<\/h2>\n\n\n\n<p>Vereinbarungen erhalten ihre G\u00fcltigkeit mit schriftlicher Best\u00e4tigung eines Mitarbeiters unseres Unternehmens.<\/p>\n\n\n\n<h2 class=\"wp-block-heading\">Preise<\/h2>\n\n\n\n<p>Alle Preise verstehen sich exkl. 10 % USt<\/p>\n\n\n\n<h2 class=\"wp-block-heading\">Zahlungsbedingungen<\/h2>\n\n\n\n<p>Der Rechnungsbetrag ist innerhalb von 30 Tagen ab Rechnungsdatum mit<\/p>\n\n\n\n<p>2 % Skonto oder 60 Tagen netto ohne Abzug zu begleichen.<\/p>\n\n\n\n<p>Bei Nichteinhaltung der Zahlungsfristen berechnen wir Verzugszinsen in der H\u00f6he von<br>12 % p.a. und Mahngeb\u00fchren in der H\u00f6he von \u20ac 15,00.<\/p>\n\n\n\n<p>Bei Zahlung mit Kreditkarte im Rahmen einer Webshop-Bestellung ist kein Skontoabzug m\u00f6glich.<\/p>\n\n\n\n<h2 class=\"wp-block-heading\">Lieferbedingungen<\/h2>\n\n\n\n<p>Lieferung innerhalb von 3 Wochen. Streik, Ereignisse h\u00f6herer Gewalt, Betriebsst\u00f6rungen<br>bzw. Artikelbeschaffungsschwierigkeiten entbinden uns von der Einhaltung vereinbarter Termine.<\/p>\n\n\n\n<p>Innerhalb \u00d6sterreichs erfolgt die Lieferung ab einem Warenwert von \u20ac 150,00 frei Haus,<br>darunter zuz\u00fcglich \u20ac 5,00 Versandspesen. Au\u00dferhalb \u00d6sterreichs verrechnen wir eine Frachtpauschale<br>in der H\u00f6he von \u20ac 15,00 pro Lieferung.<\/p>\n\n\n\n<p>Die Abgabe der Ware erfolgt in ganzen Kartons.<\/p>\n\n\n\n<h2 class=\"wp-block-heading\">Erf\u00fcllungsort und Gerichtsstand<\/h2>\n\n\n\n<p>Erf\u00fcllungsort ist Sitz der A&amp;M S\u00fc\u00dfwarenhandel GmbH, Gerichtsstand ist Korneuburg.<\/p>\n\n\n\n<h2 class=\"wp-block-heading\">Eigentumsvorbehalt<\/h2>\n\n\n\n<p>Die Ware bleibt bis zur vollst\u00e4ndigen Bezahlung Eigentum der A&amp;M S\u00fc\u00dfwarenhandel GmbH<\/p>\n","protected":false},"excerpt":{"rendered":"<p>Allgemeines Vereinbarungen erhalten ihre G\u00fcltigkeit mit schriftlicher Best\u00e4tigung eines Mitarbeiters unseres Unternehmens. Preise Alle Preise verstehen sich exkl. 10 % USt Zahlungsbedingungen Der Rechnungsbetrag ist innerhalb von 30 Tagen ab Rechnungsdatum mit 2 % Skonto oder 60 Tagen netto ohne Abzug zu begleichen. Bei Nichteinhaltung der Zahlungsfristen berechnen wir Verzugszinsen in der H\u00f6he von12 % [&hellip;]<\/p>\n","protected":false},"author":1,"featured_media":0,"parent":0,"menu_order":0,"comment_status":"closed","ping_status":"closed","template":"","meta":{"footnotes":""},"class_list":["post-212","page","type-page","status-publish","hentry"],"_links":{"self":[{"href":"https:\/\/wp.am-suesswaren.at\/index.php?rest_route=\/wp\/v2\/pages\/212","targetHints":{"allow":["GET"]}}],"collection":[{"href":"https:\/\/wp.am-suesswaren.at\/index.php?rest_route=\/wp\/v2\/pages"}],"about":[{"href":"https:\/\/wp.am-suesswaren.at\/index.php?rest_route=\/wp\/v2\/types\/page"}],"author":[{"embeddable":true,"href":"https:\/\/wp.am-suesswaren.at\/index.php?rest_route=\/wp\/v2\/users\/1"}],"replies":[{"embeddable":true,"href":"https:\/\/wp.am-suesswaren.at\/index.php?rest_route=%2Fwp%2Fv2%2Fcomments&post=212"}],"version-history":[{"count":4,"href":"https:\/\/wp.am-suesswaren.at\/index.php?rest_route=\/wp\/v2\/pages\/212\/revisions"}],"predecessor-version":[{"id":333,"href":"https:\/\/wp.am-suesswaren.at\/index.php?rest_route=\/wp\/v2\/pages\/212\/revisions\/333"}],"wp:attachment":[{"href":"https:\/\/wp.am-suesswaren.at\/index.php?rest_route=%2Fwp%2Fv2%2Fmedia&parent=212"}],"curies":[{"name":"wp","href":"https:\/\/api.w.org\/{rel}","templated":true}]}}